{"id":10593,"date":"2026-01-12T11:29:10","date_gmt":"2026-01-12T10:29:10","guid":{"rendered":"https:\/\/teltimport.dk\/ueber-uns\/"},"modified":"2026-04-08T10:29:08","modified_gmt":"2026-04-08T08:29:08","slug":"ueber-uns","status":"publish","type":"page","link":"https:\/\/teltimport.dk\/de\/ueber-uns\/","title":{"rendered":"\u00dcber uns"},"content":{"rendered":"\t\t<div data-elementor-type=\"wp-page\" data-elementor-id=\"10593\" class=\"elementor elementor-10593 elementor-10075\" data-elementor-post-type=\"page\">\n\t\t\t\t<div class=\"elementor-element elementor-element-bf29e36 e-con-full no-padding e-flex e-con e-parent\" data-id=\"bf29e36\" data-element_type=\"container\" data-settings=\"{&quot;background_background&quot;:&quot;classic&quot;}\">\n\t\t<div class=\"elementor-element elementor-element-13606283 e-con-full light e-flex e-con e-child\" data-id=\"13606283\" data-element_type=\"container\">\n\t\t\t\t<div class=\"elementor-element elementor-element-4b5c53bb elementor-widget elementor-widget-image-carousel\" data-id=\"4b5c53bb\" data-element_type=\"widget\" data-settings=\"{&quot;slides_to_show&quot;:&quot;1&quot;,&quot;navigation&quot;:&quot;none&quot;,&quot;autoplay&quot;:&quot;yes&quot;,&quot;pause_on_hover&quot;:&quot;yes&quot;,&quot;pause_on_interaction&quot;:&quot;yes&quot;,&quot;autoplay_speed&quot;:5000,&quot;infinite&quot;:&quot;yes&quot;,&quot;effect&quot;:&quot;slide&quot;,&quot;speed&quot;:500}\" data-widget_type=\"image-carousel.default\">\n\t\t\t\t<div class=\"elementor-widget-container\">\n\t\t\t\t\t\t\t<div class=\"elementor-image-carousel-wrapper swiper\" role=\"region\" aria-roledescription=\"carousel\" aria-label=\"Billedkarussel\" dir=\"ltr\">\n\t\t\t<div class=\"elementor-image-carousel swiper-wrapper swiper-image-stretch\" aria-live=\"off\">\n\t\t\t\t\t\t\t\t<div class=\"swiper-slide\" role=\"group\" aria-roledescription=\"slide\" aria-label=\"1 von 5\"><figure class=\"swiper-slide-inner\"><img decoding=\"async\" class=\"swiper-slide-image\" src=\"https:\/\/teltimport.dk\/wp-content\/uploads\/2026\/01\/standby-int-webb_107.jpg\" alt=\"standby-int-webb_107\" \/><\/figure><\/div><div class=\"swiper-slide\" role=\"group\" aria-roledescription=\"slide\" aria-label=\"2 von 5\"><figure class=\"swiper-slide-inner\"><img decoding=\"async\" class=\"swiper-slide-image\" src=\"https:\/\/teltimport.dk\/wp-content\/uploads\/2026\/01\/standby-int-2-webb_103.jpg\" alt=\"standby-int-2-webb_103\" \/><\/figure><\/div><div class=\"swiper-slide\" role=\"group\" aria-roledescription=\"slide\" aria-label=\"3 von 5\"><figure class=\"swiper-slide-inner\"><img decoding=\"async\" class=\"swiper-slide-image\" src=\"https:\/\/teltimport.dk\/wp-content\/uploads\/2026\/01\/standby-ext-5-webb_95.jpg\" alt=\"standby-ext-5-webb_95\" \/><\/figure><\/div><div class=\"swiper-slide\" role=\"group\" aria-roledescription=\"slide\" aria-label=\"4 von 5\"><figure class=\"swiper-slide-inner\"><img decoding=\"async\" class=\"swiper-slide-image\" src=\"https:\/\/teltimport.dk\/wp-content\/uploads\/2026\/01\/standby-ext-3-webb_87.jpg\" alt=\"standby-ext-3-webb_87\" \/><\/figure><\/div><div class=\"swiper-slide\" role=\"group\" aria-roledescription=\"slide\" aria-label=\"5 von 5\"><figure class=\"swiper-slide-inner\"><img decoding=\"async\" class=\"swiper-slide-image\" src=\"https:\/\/teltimport.dk\/wp-content\/uploads\/2026\/01\/standby-int-webb_107.jpg\" alt=\"standby-int-webb_107\" \/><\/figure><\/div>\t\t\t<\/div>\n\t\t\t\t\t\t\t\n\t\t\t\t\t\t\t\t\t<\/div>\n\t\t\t\t\t\t<\/div>\n\t\t\t\t<\/div>\n\t\t<div class=\"elementor-element elementor-element-1d3fa13 e-con-full e-flex e-con e-child\" data-id=\"1d3fa13\" data-element_type=\"container\">\n\t\t\t\t<div class=\"elementor-element elementor-element-2668fc12 elementor-widget elementor-widget-heading\" data-id=\"2668fc12\" data-element_type=\"widget\" data-widget_type=\"heading.default\">\n\t\t\t\t<div class=\"elementor-widget-container\">\n\t\t\t\t\t<h2 class=\"elementor-heading-title elementor-size-default\">Warum wir?<\/h2>\t\t\t\t<\/div>\n\t\t\t\t<\/div>\n\t\t\t\t<div class=\"elementor-element elementor-element-749e057e elementor-widget elementor-widget-text-editor\" data-id=\"749e057e\" data-element_type=\"widget\" data-widget_type=\"text-editor.default\">\n\t\t\t\t<div class=\"elementor-widget-container\">\n\t\t\t\t\t\t\t\t\t<p>Dansk Teltimport ist der einzige Vertriebspartner von StandBy-Zelten in D\u00e4nemark und Deutschland.<\/p><p>Wir beraten alle unsere Kunden und stellen sicher, dass Sie \u00fcber alle ben\u00f6tigten Materialien verf\u00fcgen, wenn Sie Ihr neues StandBy-Zelt aufbauen m\u00f6chten.<\/p><p><a href=\"https:\/\/www.teltimport.dk\/\" target=\"_self\">Hier<\/a> auf der Webseite k\u00f6nnen Sie sich ein Installationsvideo ansehen.<\/p>\t\t\t\t\t\t\t\t<\/div>\n\t\t\t\t<\/div>\n\t\t\t\t<\/div>\n\t\t\t\t<\/div>\n\t\t<div class=\"elementor-element elementor-element-7e335133 e-con-full e-flex e-con e-child\" data-id=\"7e335133\" data-element_type=\"container\">\n\t\t\t\t<div class=\"elementor-element elementor-element-71983a2 elementor-widget elementor-widget-heading\" data-id=\"71983a2\" data-element_type=\"widget\" data-widget_type=\"heading.default\">\n\t\t\t\t<div class=\"elementor-widget-container\">\n\t\t\t\t\t<h1 class=\"elementor-heading-title elementor-size-default\">\u00dcber Dansk Teltimport<\/h1>\t\t\t\t<\/div>\n\t\t\t\t<\/div>\n\t\t\t\t<div class=\"elementor-element elementor-element-4256d6ab elementor-widget elementor-widget-text-editor\" data-id=\"4256d6ab\" data-element_type=\"widget\" data-widget_type=\"text-editor.default\">\n\t\t\t\t<div class=\"elementor-widget-container\">\n\t\t\t\t\t\t\t\t\t<p>Dansk Teltimport importiert seit 2001 StandBy-Zelte und besitzt seit 19 Jahren das Recht, alle Produkte von Svenske Telt in D\u00e4nemark zu vertreiben.<\/p><p>Service und Qualit\u00e4t sind f\u00fcr uns selbstverst\u00e4ndlich. Wir halten stets ein Leih-Vorder- oder Seitenteil f\u00fcr Ihr StandBy-Zelt bereit, falls etwas kaputt geht. So m\u00fcssen Sie Ihr Zelt nicht abbauen, w\u00e4hrend Ihr Seitenteil repariert wird.<\/p><p>Sie k\u00f6nnen jederzeit neue Seiten- und Vorderteile f\u00fcr Ihr StandBy-Zelt kaufen, wir haben immer ein gutes Angebot.<\/p><p>Wenn Sie neue Seiten- und Frontteile kaufen, erhalten Sie das neueste Design mit allen \u00c4nderungen und neuen Farben, die dem aktuellen Stand entsprechen.<\/p>\t\t\t\t\t\t\t\t<\/div>\n\t\t\t\t<\/div>\n\t\t\t\t<div class=\"elementor-element elementor-element-2ddc9ad9 e-transform cta white elementor-widget elementor-widget-button\" data-id=\"2ddc9ad9\" data-element_type=\"widget\" data-settings=\"{&quot;_transform_scale_effect&quot;:{&quot;unit&quot;:&quot;px&quot;,&quot;size&quot;:&quot;&quot;,&quot;sizes&quot;:[]},&quot;_transform_scale_effect_laptop&quot;:{&quot;unit&quot;:&quot;px&quot;,&quot;size&quot;:&quot;&quot;,&quot;sizes&quot;:[]},&quot;_transform_scale_effect_tablet&quot;:{&quot;unit&quot;:&quot;px&quot;,&quot;size&quot;:&quot;&quot;,&quot;sizes&quot;:[]},&quot;_transform_scale_effect_mobile&quot;:{&quot;unit&quot;:&quot;px&quot;,&quot;size&quot;:&quot;&quot;,&quot;sizes&quot;:[]}}\" data-widget_type=\"button.default\">\n\t\t\t\t<div class=\"elementor-widget-container\">\n\t\t\t\t\t\t\t\t\t<div class=\"elementor-button-wrapper\">\n\t\t\t\t\t<a class=\"elementor-button elementor-button-link elementor-size-sm\" href=\"tel:20944027\">\n\t\t\t\t\t\t<span class=\"elementor-button-content-wrapper\">\n\t\t\t\t\t\t<span class=\"elementor-button-icon\">\n\t\t\t\t<svg aria-hidden=\"true\" class=\"e-font-icon-svg e-fas-phone\" viewBox=\"0 0 512 512\" xmlns=\"http:\/\/www.w3.org\/2000\/svg\"><path d=\"M493.4 24.6l-104-24c-11.3-2.6-22.9 3.3-27.5 13.9l-48 112c-4.2 9.8-1.4 21.3 6.9 28l60.6 49.6c-36 76.7-98.9 140.5-177.2 177.2l-49.6-60.6c-6.8-8.3-18.2-11.1-28-6.9l-112 48C3.9 366.5-2 378.1.6 389.4l24 104C27.1 504.2 36.7 512 48 512c256.1 0 464-207.5 464-464 0-11.2-7.7-20.9-18.6-23.4z\"><\/path><\/svg>\t\t\t<\/span>\n\t\t\t\t\t\t\t\t\t<span class=\"elementor-button-text\">Jetzt anrufen: 20 94 40 27<\/span>\n\t\t\t\t\t<\/span>\n\t\t\t\t\t<\/a>\n\t\t\t\t<\/div>\n\t\t\t\t\t\t\t\t<\/div>\n\t\t\t\t<\/div>\n\t\t\t\t<\/div>\n\t\t\t\t<\/div>\n\t\t<div class=\"elementor-element elementor-element-b3bf20d e-flex e-con-boxed e-con e-parent\" data-id=\"b3bf20d\" data-element_type=\"container\" data-settings=\"{&quot;background_background&quot;:&quot;classic&quot;}\">\n\t\t\t\t\t<div class=\"e-con-inner\">\n\t\t<div class=\"elementor-element elementor-element-6ed94a3 e-con-full white e-flex e-con e-child\" data-id=\"6ed94a3\" data-element_type=\"container\">\n\t\t\t\t<div class=\"elementor-element elementor-element-2e2c35d8 elementor-widget elementor-widget-heading\" data-id=\"2e2c35d8\" data-element_type=\"widget\" data-widget_type=\"heading.default\">\n\t\t\t\t<div class=\"elementor-widget-container\">\n\t\t\t\t\t<h2 class=\"elementor-heading-title elementor-size-default\">Wir helfen Ihnen, gleich beim ersten Mal die richtige Wahl zu treffen.<\/h2>\t\t\t\t<\/div>\n\t\t\t\t<\/div>\n\t\t\t\t<div class=\"elementor-element elementor-element-14f5a9ed elementor-widget elementor-widget-text-editor\" data-id=\"14f5a9ed\" data-element_type=\"widget\" data-widget_type=\"text-editor.default\">\n\t\t\t\t<div class=\"elementor-widget-container\">\n\t\t\t\t\t\t\t\t\t<p>Bei <a title=\"Hier finden Sie unsere Kontaktinformationen!\" href=\"\/\" target=\"_self\">Dansk Teltimport<\/a> helfen wir Ihnen gerne, das passende Standby-Zelt f\u00fcr Ihren Wohnwagen und Ihre Bed\u00fcrfnisse zu finden. Wir sind in Bagsv\u00e6rd, S\u00f8borg, Lyngby und im restlichen D\u00e4nemark f\u00fcr Sie da und bieten Ihnen eine pers\u00f6nliche Beratung vom ersten Gespr\u00e4ch bis zum fertigen Aufbau.<\/p><p>Sie k\u00f6nnen uns jederzeit unter <a class=\"custom7\" href=\"tel:20944027\">20 94 40 27<\/a> anrufen oder eine E-Mail an <a class=\"custom7\" href=\"mailto:kontakt@teltimport.dk\">kontakt@teltimport.dk<\/a> schreiben.<\/p><p>Wir freuen uns darauf, Ihnen dabei zu helfen, das StandBy-Zelt zu finden, an dem Sie nicht nur in dieser Saison, sondern auch in den kommenden Jahren Freude haben werden.<\/p>\t\t\t\t\t\t\t\t<\/div>\n\t\t\t\t<\/div>\n\t\t<div class=\"elementor-element elementor-element-7e2b07a7 e-con-full e-flex e-con e-child\" data-id=\"7e2b07a7\" data-element_type=\"container\">\n\t\t\t\t<div class=\"elementor-element elementor-element-5fab9de5 cta elementor-mobile-align-justify elementor-widget-mobile__width-inherit elementor-widget elementor-widget-button\" data-id=\"5fab9de5\" data-element_type=\"widget\" data-widget_type=\"button.default\">\n\t\t\t\t<div class=\"elementor-widget-container\">\n\t\t\t\t\t\t\t\t\t<div class=\"elementor-button-wrapper\">\n\t\t\t\t\t<a class=\"elementor-button elementor-button-link elementor-size-sm\" href=\"tel:+4520944027\">\n\t\t\t\t\t\t<span class=\"elementor-button-content-wrapper\">\n\t\t\t\t\t\t<span class=\"elementor-button-icon\">\n\t\t\t\t<svg aria-hidden=\"true\" class=\"e-font-icon-svg e-fas-phone\" viewBox=\"0 0 512 512\" xmlns=\"http:\/\/www.w3.org\/2000\/svg\"><path d=\"M493.4 24.6l-104-24c-11.3-2.6-22.9 3.3-27.5 13.9l-48 112c-4.2 9.8-1.4 21.3 6.9 28l60.6 49.6c-36 76.7-98.9 140.5-177.2 177.2l-49.6-60.6c-6.8-8.3-18.2-11.1-28-6.9l-112 48C3.9 366.5-2 378.1.6 389.4l24 104C27.1 504.2 36.7 512 48 512c256.1 0 464-207.5 464-464 0-11.2-7.7-20.9-18.6-23.4z\"><\/path><\/svg>\t\t\t<\/span>\n\t\t\t\t\t\t\t\t\t<span class=\"elementor-button-text\">20 94 40 27<\/span>\n\t\t\t\t\t<\/span>\n\t\t\t\t\t<\/a>\n\t\t\t\t<\/div>\n\t\t\t\t\t\t\t\t<\/div>\n\t\t\t\t<\/div>\n\t\t\t\t<div class=\"elementor-element elementor-element-1d6e20c1 elementor-icon-list--layout-inline elementor-mobile-align-center cta elementor-list-item-link-full_width elementor-widget elementor-widget-icon-list\" data-id=\"1d6e20c1\" data-element_type=\"widget\" data-widget_type=\"icon-list.default\">\n\t\t\t\t<div class=\"elementor-widget-container\">\n\t\t\t\t\t\t\t<ul class=\"elementor-icon-list-items elementor-inline-items\">\n\t\t\t\t\t\t\t<li class=\"elementor-icon-list-item elementor-inline-item\">\n\t\t\t\t\t\t\t\t\t\t\t<span class=\"elementor-icon-list-icon\">\n\t\t\t\t\t\t\t<svg aria-hidden=\"true\" class=\"e-font-icon-svg e-fas-envelope\" viewBox=\"0 0 512 512\" xmlns=\"http:\/\/www.w3.org\/2000\/svg\"><path d=\"M502.3 190.8c3.9-3.1 9.7-.2 9.7 4.7V400c0 26.5-21.5 48-48 48H48c-26.5 0-48-21.5-48-48V195.6c0-5 5.7-7.8 9.7-4.7 22.4 17.4 52.1 39.5 154.1 113.6 21.1 15.4 56.7 47.8 92.2 47.6 35.7.3 72-32.8 92.3-47.6 102-74.1 131.6-96.3 154-113.7zM256 320c23.2.4 56.6-29.2 73.4-41.4 132.7-96.3 142.8-104.7 173.4-128.7 5.8-4.5 9.2-11.5 9.2-18.9v-19c0-26.5-21.5-48-48-48H48C21.5 64 0 85.5 0 112v19c0 7.4 3.4 14.3 9.2 18.9 30.6 23.9 40.7 32.4 173.4 128.7 16.8 12.2 50.2 41.8 73.4 41.4z\"><\/path><\/svg>\t\t\t\t\t\t<\/span>\n\t\t\t\t\t\t\t\t\t\t<span class=\"elementor-icon-list-text\"><a href=\"mailto:kontakt@teltimport.dk\" aria-label=\"Email adresse\">kontakt@teltimport.dk<\/a><\/span>\n\t\t\t\t\t\t\t\t\t<\/li>\n\t\t\t\t\t\t<\/ul>\n\t\t\t\t\t\t<\/div>\n\t\t\t\t<\/div>\n\t\t\t\t<\/div>\n\t\t\t\t<\/div>\n\t\t<div class=\"elementor-element elementor-element-128d22cc e-con-full e-flex e-con e-child\" data-id=\"128d22cc\" data-element_type=\"container\">\n\t\t<div class=\"elementor-element elementor-element-5c426d04 e-con-full dark e-flex e-con e-child\" data-id=\"5c426d04\" data-element_type=\"container\" data-settings=\"{&quot;background_background&quot;:&quot;classic&quot;}\">\n\t\t<div class=\"elementor-element elementor-element-705022dd e-con-full e-flex e-con e-child\" data-id=\"705022dd\" data-element_type=\"container\">\n\t\t\t\t<div class=\"elementor-element elementor-element-74c90f54 elementor-widget__width-initial elementor-widget elementor-widget-image\" data-id=\"74c90f54\" data-element_type=\"widget\" data-widget_type=\"image.default\">\n\t\t\t\t<div class=\"elementor-widget-container\">\n\t\t\t\t\t\t\t\t\t\t\t\t\t\t\t<img decoding=\"async\" width=\"208\" height=\"208\" src=\"https:\/\/teltimport.dk\/wp-content\/uploads\/2026\/01\/profil-1.jpg\" class=\"attachment-full size-full wp-image-10517\" alt=\"\" \/>\t\t\t\t\t\t\t\t\t\t\t\t\t\t\t<\/div>\n\t\t\t\t<\/div>\n\t\t<div class=\"elementor-element elementor-element-2c2f9e1c e-con-full e-flex e-con e-child\" data-id=\"2c2f9e1c\" data-element_type=\"container\">\n\t\t\t\t<div class=\"elementor-element elementor-element-b92b3b elementor-widget elementor-widget-heading\" data-id=\"b92b3b\" data-element_type=\"widget\" data-widget_type=\"heading.default\">\n\t\t\t\t<div class=\"elementor-widget-container\">\n\t\t\t\t\t<h3 class=\"elementor-heading-title elementor-size-default\">Mehr erfahren<\/h3>\t\t\t\t<\/div>\n\t\t\t\t<\/div>\n\t\t\t\t<div class=\"elementor-element elementor-element-625b35ba elementor-widget elementor-widget-text-editor\" data-id=\"625b35ba\" data-element_type=\"widget\" data-widget_type=\"text-editor.default\">\n\t\t\t\t<div class=\"elementor-widget-container\">\n\t\t\t\t\t\t\t\t\t<p>Wenn Sie weitere Informationen zu unseren Dienstleistungen und Preisen w\u00fcnschen, schreiben Sie uns bitte hier.<\/p>\t\t\t\t\t\t\t\t<\/div>\n\t\t\t\t<\/div>\n\t\t\t\t<\/div>\n\t\t\t\t<\/div>\n\t\t\t\t<div class=\"elementor-element elementor-element-3a053ebc elementor-widget-divider--view-line elementor-widget elementor-widget-divider\" data-id=\"3a053ebc\" data-element_type=\"widget\" data-widget_type=\"divider.default\">\n\t\t\t\t<div class=\"elementor-widget-container\">\n\t\t\t\t\t\t\t<div class=\"elementor-divider\">\n\t\t\t<span class=\"elementor-divider-separator\">\n\t\t\t\t\t\t<\/span>\n\t\t<\/div>\n\t\t\t\t\t\t<\/div>\n\t\t\t\t<\/div>\n\t\t\t\t<div class=\"elementor-element elementor-element-c4bdb97 elementor-widget elementor-widget-wp-widget-forminator_widget\" data-id=\"c4bdb97\" data-element_type=\"widget\" data-widget_type=\"wp-widget-forminator_widget.default\">\n\t\t\t\t<div class=\"elementor-widget-container\">\n\t\t\t\t\t<form id=\"forminator-module-10678\" class=\"forminator-custom-form forminator-custom-form-10678\" method=\"post\" data-forminator-render=\"0\" data-uid=\"69f322965ee67\"><div role=\"alert\" aria-live=\"polite\" class=\"forminator-response-message forminator-error\" aria-hidden=\"true\"><\/div><\/form>\t\t\t\t<\/div>\n\t\t\t\t<\/div>\n\t\t\t\t<\/div>\n\t\t\t\t<\/div>\n\t\t\t\t\t<\/div>\n\t\t\t\t<\/div>\n\t\t\t\t<\/div>\n\t\t","protected":false},"excerpt":{"rendered":"<p>Warum wir? Dansk Teltimport ist der einzige Vertriebspartner von StandBy-Zelten in D\u00e4nemark und Deutschland. Wir beraten alle unsere Kunden und stellen sicher, dass Sie \u00fcber alle ben\u00f6tigten Materialien verf\u00fcgen, wenn Sie Ihr neues StandBy-Zelt aufbauen m\u00f6chten. Hier auf der Webseite k\u00f6nnen Sie sich ein Installationsvideo ansehen. \u00dcber Dansk Teltimport Dansk Teltimport importiert seit 2001 StandBy-Zelte &#8230; <a title=\"\u00dcber uns\" class=\"read-more\" href=\"https:\/\/teltimport.dk\/de\/ueber-uns\/\" aria-label=\"Mehr Informationen \u00fcber \u00dcber uns\">Weiterlesen &#8230;<\/a><\/p>\n","protected":false},"author":1,"featured_media":0,"parent":0,"menu_order":0,"comment_status":"closed","ping_status":"closed","template":"","meta":{"_acf_changed":false,"footnotes":""},"categories":[],"class_list":["post-10593","page","type-page","status-publish"],"acf":[],"yoast_head":"<!-- This site is optimized with the Yoast SEO plugin v27.5 - https:\/\/yoast.com\/product\/yoast-seo-wordpress\/ -->\n<title>Exklusiver Vertriebspartner von StandBy-Zelten in D\u00e4nemark | Langj\u00e4hrige Erfahrung | Unternehmensgeschichte lesen<\/title>\n<meta name=\"robots\" content=\"index, follow, max-snippet:-1, max-image-preview:large, max-video-preview:-1\" \/>\n<link rel=\"canonical\" href=\"https:\/\/teltimport.dk\/de\/ueber-uns\/\" \/>\n<meta property=\"og:locale\" content=\"de_DE\" \/>\n<meta property=\"og:type\" content=\"article\" \/>\n<meta property=\"og:title\" content=\"Exklusiver Vertriebspartner von StandBy-Zelten in D\u00e4nemark | Langj\u00e4hrige Erfahrung | Unternehmensgeschichte lesen\" \/>\n<meta property=\"og:description\" content=\"Warum wir? Dansk Teltimport ist der einzige Vertriebspartner von StandBy-Zelten in D\u00e4nemark und Deutschland. Wir beraten alle unsere Kunden und stellen sicher, dass Sie \u00fcber alle ben\u00f6tigten Materialien verf\u00fcgen, wenn Sie Ihr neues StandBy-Zelt aufbauen m\u00f6chten. Hier auf der Webseite k\u00f6nnen Sie sich ein Installationsvideo ansehen. \u00dcber Dansk Teltimport Dansk Teltimport importiert seit 2001 StandBy-Zelte ... Weiterlesen ...\" \/>\n<meta property=\"og:url\" content=\"https:\/\/teltimport.dk\/de\/ueber-uns\/\" \/>\n<meta property=\"og:site_name\" content=\"Dansk Teltimport\" \/>\n<meta property=\"article:modified_time\" content=\"2026-04-08T08:29:08+00:00\" \/>\n<meta property=\"og:image\" content=\"https:\/\/teltimport.dk\/wp-content\/uploads\/2026\/01\/standby-int-webb_107.jpg\" \/>\n<meta name=\"twitter:card\" content=\"summary_large_image\" \/>\n<meta name=\"twitter:label1\" content=\"Gesch\u00e4tzte Lesezeit\" \/>\n\t<meta name=\"twitter:data1\" content=\"1\u00a0Minute\" \/>\n<script type=\"application\/ld+json\" class=\"yoast-schema-graph\">{\"@context\":\"https:\\\/\\\/schema.org\",\"@graph\":[{\"@type\":\"WebPage\",\"@id\":\"https:\\\/\\\/teltimport.dk\\\/de\\\/ueber-uns\\\/\",\"url\":\"https:\\\/\\\/teltimport.dk\\\/de\\\/ueber-uns\\\/\",\"name\":\"Exklusiver Vertriebspartner von StandBy-Zelten in D\u00e4nemark | Langj\u00e4hrige Erfahrung | Unternehmensgeschichte lesen\",\"isPartOf\":{\"@id\":\"https:\\\/\\\/teltimport.dk\\\/de\\\/#website\"},\"primaryImageOfPage\":{\"@id\":\"https:\\\/\\\/teltimport.dk\\\/de\\\/ueber-uns\\\/#primaryimage\"},\"image\":{\"@id\":\"https:\\\/\\\/teltimport.dk\\\/de\\\/ueber-uns\\\/#primaryimage\"},\"thumbnailUrl\":\"https:\\\/\\\/teltimport.dk\\\/wp-content\\\/uploads\\\/2026\\\/01\\\/standby-int-webb_107.jpg\",\"datePublished\":\"2026-01-12T10:29:10+00:00\",\"dateModified\":\"2026-04-08T08:29:08+00:00\",\"breadcrumb\":{\"@id\":\"https:\\\/\\\/teltimport.dk\\\/de\\\/ueber-uns\\\/#breadcrumb\"},\"inLanguage\":\"de\",\"potentialAction\":[{\"@type\":\"ReadAction\",\"target\":[\"https:\\\/\\\/teltimport.dk\\\/de\\\/ueber-uns\\\/\"]}]},{\"@type\":\"ImageObject\",\"inLanguage\":\"de\",\"@id\":\"https:\\\/\\\/teltimport.dk\\\/de\\\/ueber-uns\\\/#primaryimage\",\"url\":\"https:\\\/\\\/teltimport.dk\\\/wp-content\\\/uploads\\\/2026\\\/01\\\/standby-int-webb_107.jpg\",\"contentUrl\":\"https:\\\/\\\/teltimport.dk\\\/wp-content\\\/uploads\\\/2026\\\/01\\\/standby-int-webb_107.jpg\"},{\"@type\":\"BreadcrumbList\",\"@id\":\"https:\\\/\\\/teltimport.dk\\\/de\\\/ueber-uns\\\/#breadcrumb\",\"itemListElement\":[{\"@type\":\"ListItem\",\"position\":1,\"name\":\"Forside\",\"item\":\"https:\\\/\\\/teltimport.dk\\\/de\\\/\"},{\"@type\":\"ListItem\",\"position\":2,\"name\":\"\u00dcber uns\"}]},{\"@type\":\"WebSite\",\"@id\":\"https:\\\/\\\/teltimport.dk\\\/de\\\/#website\",\"url\":\"https:\\\/\\\/teltimport.dk\\\/de\\\/\",\"name\":\"Dansk Teltimport\",\"description\":\"\",\"publisher\":{\"@id\":\"https:\\\/\\\/teltimport.dk\\\/de\\\/#organization\"},\"potentialAction\":[{\"@type\":\"SearchAction\",\"target\":{\"@type\":\"EntryPoint\",\"urlTemplate\":\"https:\\\/\\\/teltimport.dk\\\/de\\\/?s={search_term_string}\"},\"query-input\":{\"@type\":\"PropertyValueSpecification\",\"valueRequired\":true,\"valueName\":\"search_term_string\"}}],\"inLanguage\":\"de\"},{\"@type\":\"Organization\",\"@id\":\"https:\\\/\\\/teltimport.dk\\\/de\\\/#organization\",\"name\":\"Dansk Teltimport\",\"url\":\"https:\\\/\\\/teltimport.dk\\\/de\\\/\",\"logo\":{\"@type\":\"ImageObject\",\"inLanguage\":\"de\",\"@id\":\"https:\\\/\\\/teltimport.dk\\\/de\\\/#\\\/schema\\\/logo\\\/image\\\/\",\"url\":\"https:\\\/\\\/teltimport.dk\\\/wp-content\\\/uploads\\\/2026\\\/01\\\/logo.png\",\"contentUrl\":\"https:\\\/\\\/teltimport.dk\\\/wp-content\\\/uploads\\\/2026\\\/01\\\/logo.png\",\"width\":160,\"height\":127,\"caption\":\"Dansk Teltimport\"},\"image\":{\"@id\":\"https:\\\/\\\/teltimport.dk\\\/de\\\/#\\\/schema\\\/logo\\\/image\\\/\"}}]}<\/script>\n<!-- \/ Yoast SEO plugin. -->","yoast_head_json":{"title":"Exklusiver Vertriebspartner von StandBy-Zelten in D\u00e4nemark | Langj\u00e4hrige Erfahrung | Unternehmensgeschichte lesen","robots":{"index":"index","follow":"follow","max-snippet":"max-snippet:-1","max-image-preview":"max-image-preview:large","max-video-preview":"max-video-preview:-1"},"canonical":"https:\/\/teltimport.dk\/de\/ueber-uns\/","og_locale":"de_DE","og_type":"article","og_title":"Exklusiver Vertriebspartner von StandBy-Zelten in D\u00e4nemark | Langj\u00e4hrige Erfahrung | Unternehmensgeschichte lesen","og_description":"Warum wir? Dansk Teltimport ist der einzige Vertriebspartner von StandBy-Zelten in D\u00e4nemark und Deutschland. Wir beraten alle unsere Kunden und stellen sicher, dass Sie \u00fcber alle ben\u00f6tigten Materialien verf\u00fcgen, wenn Sie Ihr neues StandBy-Zelt aufbauen m\u00f6chten. Hier auf der Webseite k\u00f6nnen Sie sich ein Installationsvideo ansehen. \u00dcber Dansk Teltimport Dansk Teltimport importiert seit 2001 StandBy-Zelte ... Weiterlesen ...","og_url":"https:\/\/teltimport.dk\/de\/ueber-uns\/","og_site_name":"Dansk Teltimport","article_modified_time":"2026-04-08T08:29:08+00:00","og_image":[{"url":"https:\/\/teltimport.dk\/wp-content\/uploads\/2026\/01\/standby-int-webb_107.jpg","type":"","width":"","height":""}],"twitter_card":"summary_large_image","twitter_misc":{"Gesch\u00e4tzte Lesezeit":"1\u00a0Minute"},"schema":{"@context":"https:\/\/schema.org","@graph":[{"@type":"WebPage","@id":"https:\/\/teltimport.dk\/de\/ueber-uns\/","url":"https:\/\/teltimport.dk\/de\/ueber-uns\/","name":"Exklusiver Vertriebspartner von StandBy-Zelten in D\u00e4nemark | Langj\u00e4hrige Erfahrung | Unternehmensgeschichte lesen","isPartOf":{"@id":"https:\/\/teltimport.dk\/de\/#website"},"primaryImageOfPage":{"@id":"https:\/\/teltimport.dk\/de\/ueber-uns\/#primaryimage"},"image":{"@id":"https:\/\/teltimport.dk\/de\/ueber-uns\/#primaryimage"},"thumbnailUrl":"https:\/\/teltimport.dk\/wp-content\/uploads\/2026\/01\/standby-int-webb_107.jpg","datePublished":"2026-01-12T10:29:10+00:00","dateModified":"2026-04-08T08:29:08+00:00","breadcrumb":{"@id":"https:\/\/teltimport.dk\/de\/ueber-uns\/#breadcrumb"},"inLanguage":"de","potentialAction":[{"@type":"ReadAction","target":["https:\/\/teltimport.dk\/de\/ueber-uns\/"]}]},{"@type":"ImageObject","inLanguage":"de","@id":"https:\/\/teltimport.dk\/de\/ueber-uns\/#primaryimage","url":"https:\/\/teltimport.dk\/wp-content\/uploads\/2026\/01\/standby-int-webb_107.jpg","contentUrl":"https:\/\/teltimport.dk\/wp-content\/uploads\/2026\/01\/standby-int-webb_107.jpg"},{"@type":"BreadcrumbList","@id":"https:\/\/teltimport.dk\/de\/ueber-uns\/#breadcrumb","itemListElement":[{"@type":"ListItem","position":1,"name":"Forside","item":"https:\/\/teltimport.dk\/de\/"},{"@type":"ListItem","position":2,"name":"\u00dcber uns"}]},{"@type":"WebSite","@id":"https:\/\/teltimport.dk\/de\/#website","url":"https:\/\/teltimport.dk\/de\/","name":"Dansk Teltimport","description":"","publisher":{"@id":"https:\/\/teltimport.dk\/de\/#organization"},"potentialAction":[{"@type":"SearchAction","target":{"@type":"EntryPoint","urlTemplate":"https:\/\/teltimport.dk\/de\/?s={search_term_string}"},"query-input":{"@type":"PropertyValueSpecification","valueRequired":true,"valueName":"search_term_string"}}],"inLanguage":"de"},{"@type":"Organization","@id":"https:\/\/teltimport.dk\/de\/#organization","name":"Dansk Teltimport","url":"https:\/\/teltimport.dk\/de\/","logo":{"@type":"ImageObject","inLanguage":"de","@id":"https:\/\/teltimport.dk\/de\/#\/schema\/logo\/image\/","url":"https:\/\/teltimport.dk\/wp-content\/uploads\/2026\/01\/logo.png","contentUrl":"https:\/\/teltimport.dk\/wp-content\/uploads\/2026\/01\/logo.png","width":160,"height":127,"caption":"Dansk Teltimport"},"image":{"@id":"https:\/\/teltimport.dk\/de\/#\/schema\/logo\/image\/"}}]}},"_links":{"self":[{"href":"https:\/\/teltimport.dk\/de\/wp-json\/wp\/v2\/pages\/10593","targetHints":{"allow":["GET"]}}],"collection":[{"href":"https:\/\/teltimport.dk\/de\/wp-json\/wp\/v2\/pages"}],"about":[{"href":"https:\/\/teltimport.dk\/de\/wp-json\/wp\/v2\/types\/page"}],"author":[{"embeddable":true,"href":"https:\/\/teltimport.dk\/de\/wp-json\/wp\/v2\/users\/1"}],"replies":[{"embeddable":true,"href":"https:\/\/teltimport.dk\/de\/wp-json\/wp\/v2\/comments?post=10593"}],"version-history":[{"count":7,"href":"https:\/\/teltimport.dk\/de\/wp-json\/wp\/v2\/pages\/10593\/revisions"}],"predecessor-version":[{"id":10762,"href":"https:\/\/teltimport.dk\/de\/wp-json\/wp\/v2\/pages\/10593\/revisions\/10762"}],"wp:attachment":[{"href":"https:\/\/teltimport.dk\/de\/wp-json\/wp\/v2\/media?parent=10593"}],"wp:term":[{"taxonomy":"category","embeddable":true,"href":"https:\/\/teltimport.dk\/de\/wp-json\/wp\/v2\/categories?post=10593"}],"curies":[{"name":"wp","href":"https:\/\/api.w.org\/{rel}","templated":true}]}}