{"id":10615,"date":"2026-01-12T11:28:20","date_gmt":"2026-01-12T10:28:20","guid":{"rendered":"https:\/\/teltimport.dk\/lagerzelt\/"},"modified":"2026-04-08T10:38:18","modified_gmt":"2026-04-08T08:38:18","slug":"lagerzelt","status":"publish","type":"page","link":"https:\/\/teltimport.dk\/de\/lagerzelt\/","title":{"rendered":"Lagerzelt"},"content":{"rendered":"\t\t<div data-elementor-type=\"wp-page\" data-elementor-id=\"10615\" class=\"elementor elementor-10615 elementor-10055\" data-elementor-post-type=\"page\">\n\t\t\t\t<div class=\"elementor-element elementor-element-3244b68 e-flex e-con-boxed e-con e-parent\" data-id=\"3244b68\" data-element_type=\"container\">\n\t\t\t\t\t<div class=\"e-con-inner\">\n\t\t\t\t<div class=\"elementor-element elementor-element-4f276c4 elementor-widget elementor-widget-heading\" data-id=\"4f276c4\" data-element_type=\"widget\" data-widget_type=\"heading.default\">\n\t\t\t\t<div class=\"elementor-widget-container\">\n\t\t\t\t\t<h1 class=\"elementor-heading-title elementor-size-default\">Lagerzelt<\/h1>\t\t\t\t<\/div>\n\t\t\t\t<\/div>\n\t\t<div class=\"elementor-element elementor-element-02593b1 e-con-full no-padding e-flex e-con e-child\" data-id=\"02593b1\" data-element_type=\"container\">\n\t\t<div class=\"elementor-element elementor-element-c082467 e-con-full no-padding e-flex e-con e-child\" data-id=\"c082467\" data-element_type=\"container\">\n\t\t<div class=\"elementor-element elementor-element-ab6385a e-con-full e-flex e-con e-child\" data-id=\"ab6385a\" data-element_type=\"container\">\n\t\t\t\t<div class=\"elementor-element elementor-element-f066414 elementor-widget elementor-widget-image\" data-id=\"f066414\" data-element_type=\"widget\" data-widget_type=\"image.default\">\n\t\t\t\t<div class=\"elementor-widget-container\">\n\t\t\t\t\t\t\t\t\t\t\t\t\t\t\t<img decoding=\"async\" width=\"232\" height=\"207\" src=\"https:\/\/teltimport.dk\/wp-content\/uploads\/2026\/01\/opbevaringstelt-lukket_243.jpg\" class=\"attachment-large size-large wp-image-10574\" alt=\"\" \/>\t\t\t\t\t\t\t\t\t\t\t\t\t\t\t<\/div>\n\t\t\t\t<\/div>\n\t\t\t\t<\/div>\n\t\t<div class=\"elementor-element elementor-element-1468e9a e-con-full e-flex e-con e-child\" data-id=\"1468e9a\" data-element_type=\"container\">\n\t\t\t\t<div class=\"elementor-element elementor-element-e5d1c64 elementor-widget elementor-widget-heading\" data-id=\"e5d1c64\" data-element_type=\"widget\" data-widget_type=\"heading.default\">\n\t\t\t\t<div class=\"elementor-widget-container\">\n\t\t\t\t\t<h2 class=\"elementor-heading-title elementor-size-default\">Lagerzelt geschlossen<\/h2>\t\t\t\t<\/div>\n\t\t\t\t<\/div>\n\t\t\t\t<div class=\"elementor-element elementor-element-247cc07 elementor-widget elementor-widget-text-editor\" data-id=\"247cc07\" data-element_type=\"widget\" data-widget_type=\"text-editor.default\">\n\t\t\t\t<div class=\"elementor-widget-container\">\n\t\t\t\t\t\t\t\t\t200 x 150 cm\t\t\t\t\t\t\t\t<\/div>\n\t\t\t\t<\/div>\n\t\t\t\t<div class=\"elementor-element elementor-element-dee1fc1 elementor-widget elementor-widget-text-editor\" data-id=\"dee1fc1\" data-element_type=\"widget\" data-widget_type=\"text-editor.default\">\n\t\t\t\t<div class=\"elementor-widget-container\">\n\t\t\t\t\t\t\t\t\t<p>4.700 DKK<\/p>\t\t\t\t\t\t\t\t<\/div>\n\t\t\t\t<\/div>\n\t\t\t\t<div class=\"elementor-element elementor-element-c11c941 elementor-widget elementor-widget-text-editor\" data-id=\"c11c941\" data-element_type=\"widget\" data-widget_type=\"text-editor.default\">\n\t\t\t\t<div class=\"elementor-widget-container\">\n\t\t\t\t\t\t\t\t\t<p>(Versandkosten 460 DKK)<\/p>\t\t\t\t\t\t\t\t<\/div>\n\t\t\t\t<\/div>\n\t\t\t\t<\/div>\n\t\t\t\t<\/div>\n\t\t<div class=\"elementor-element elementor-element-66439ae e-con-full e-flex e-con e-child\" data-id=\"66439ae\" data-element_type=\"container\">\n\t\t<div class=\"elementor-element elementor-element-b5e1c54 e-con-full e-flex e-con e-child\" data-id=\"b5e1c54\" data-element_type=\"container\">\n\t\t\t\t<div class=\"elementor-element elementor-element-a1cd38e elementor-widget elementor-widget-image\" data-id=\"a1cd38e\" data-element_type=\"widget\" data-widget_type=\"image.default\">\n\t\t\t\t<div class=\"elementor-widget-container\">\n\t\t\t\t\t\t\t\t\t\t\t\t\t\t\t<img decoding=\"async\" width=\"232\" height=\"207\" src=\"https:\/\/teltimport.dk\/wp-content\/uploads\/2026\/01\/opbevarings-telt-aaben_246.jpg\" class=\"attachment-large size-large wp-image-10575\" alt=\"\" \/>\t\t\t\t\t\t\t\t\t\t\t\t\t\t\t<\/div>\n\t\t\t\t<\/div>\n\t\t\t\t<\/div>\n\t\t<div class=\"elementor-element elementor-element-5bbf5c9 e-con-full e-flex e-con e-child\" data-id=\"5bbf5c9\" data-element_type=\"container\">\n\t\t\t\t<div class=\"elementor-element elementor-element-c6ab827 elementor-widget elementor-widget-heading\" data-id=\"c6ab827\" data-element_type=\"widget\" data-widget_type=\"heading.default\">\n\t\t\t\t<div class=\"elementor-widget-container\">\n\t\t\t\t\t<h2 class=\"elementor-heading-title elementor-size-default\">Lagerzelt ge\u00f6ffnet<\/h2>\t\t\t\t<\/div>\n\t\t\t\t<\/div>\n\t\t\t\t<div class=\"elementor-element elementor-element-2cc8876 elementor-widget elementor-widget-text-editor\" data-id=\"2cc8876\" data-element_type=\"widget\" data-widget_type=\"text-editor.default\">\n\t\t\t\t<div class=\"elementor-widget-container\">\n\t\t\t\t\t\t\t\t\t200 x 150 cm\t\t\t\t\t\t\t\t<\/div>\n\t\t\t\t<\/div>\n\t\t\t\t<div class=\"elementor-element elementor-element-958ea4f elementor-widget elementor-widget-text-editor\" data-id=\"958ea4f\" data-element_type=\"widget\" data-widget_type=\"text-editor.default\">\n\t\t\t\t<div class=\"elementor-widget-container\">\n\t\t\t\t\t\t\t\t\t<p>5.900 DKK<\/p>\t\t\t\t\t\t\t\t<\/div>\n\t\t\t\t<\/div>\n\t\t\t\t<div class=\"elementor-element elementor-element-ab7b8e7 elementor-widget elementor-widget-text-editor\" data-id=\"ab7b8e7\" data-element_type=\"widget\" data-widget_type=\"text-editor.default\">\n\t\t\t\t<div class=\"elementor-widget-container\">\n\t\t\t\t\t\t\t\t\t<p>(Versandkosten 460 DKK)<\/p>\t\t\t\t\t\t\t\t<\/div>\n\t\t\t\t<\/div>\n\t\t\t\t<\/div>\n\t\t\t\t<\/div>\n\t\t\t\t<\/div>\n\t\t\t\t\t<\/div>\n\t\t\t\t<\/div>\n\t\t<div class=\"elementor-element elementor-element-56c14d20 e-flex e-con-boxed e-con e-parent\" data-id=\"56c14d20\" data-element_type=\"container\" data-settings=\"{&quot;background_background&quot;:&quot;classic&quot;}\">\n\t\t\t\t\t<div class=\"e-con-inner\">\n\t\t<div class=\"elementor-element elementor-element-1963312e e-con-full white e-flex e-con e-child\" data-id=\"1963312e\" data-element_type=\"container\">\n\t\t\t\t<div class=\"elementor-element elementor-element-3bb77d2e elementor-widget elementor-widget-heading\" data-id=\"3bb77d2e\" data-element_type=\"widget\" data-widget_type=\"heading.default\">\n\t\t\t\t<div class=\"elementor-widget-container\">\n\t\t\t\t\t<h2 class=\"elementor-heading-title elementor-size-default\">Wir helfen Ihnen, gleich beim ersten Mal die richtige Wahl zu treffen.<\/h2>\t\t\t\t<\/div>\n\t\t\t\t<\/div>\n\t\t\t\t<div class=\"elementor-element elementor-element-60fea65b elementor-widget elementor-widget-text-editor\" data-id=\"60fea65b\" data-element_type=\"widget\" data-widget_type=\"text-editor.default\">\n\t\t\t\t<div class=\"elementor-widget-container\">\n\t\t\t\t\t\t\t\t\t<p>Bei <a title=\"Hier finden Sie unsere Kontaktinformationen!\" href=\"\/\" target=\"_self\">Dansk Teltimport<\/a> helfen wir Ihnen gerne, das passende Standby-Zelt f\u00fcr Ihren Wohnwagen und Ihre Bed\u00fcrfnisse zu finden. Wir sind in Bagsv\u00e6rd, S\u00f8borg, Lyngby und im restlichen D\u00e4nemark f\u00fcr Sie da und bieten Ihnen eine pers\u00f6nliche Beratung vom ersten Gespr\u00e4ch bis zum fertigen Aufbau.<\/p><p>Sie k\u00f6nnen uns jederzeit unter <a class=\"custom7\" href=\"tel:+4520944027\">20 94 40 27<\/a> anrufen oder eine E-Mail an <a class=\"custom7\" href=\"mailto:kontakt@teltimport.dk\">kontakt@teltimport.dk<\/a> schreiben.<\/p><p>Wir freuen uns darauf, Ihnen dabei zu helfen, das StandBy-Zelt zu finden, an dem Sie nicht nur in dieser Saison, sondern auch in den kommenden Jahren Freude haben werden.<\/p>\t\t\t\t\t\t\t\t<\/div>\n\t\t\t\t<\/div>\n\t\t<div class=\"elementor-element elementor-element-1bb34736 e-con-full e-flex e-con e-child\" data-id=\"1bb34736\" data-element_type=\"container\">\n\t\t\t\t<div class=\"elementor-element elementor-element-44c2430b cta elementor-mobile-align-justify elementor-widget-mobile__width-inherit elementor-widget elementor-widget-button\" data-id=\"44c2430b\" data-element_type=\"widget\" data-widget_type=\"button.default\">\n\t\t\t\t<div class=\"elementor-widget-container\">\n\t\t\t\t\t\t\t\t\t<div class=\"elementor-button-wrapper\">\n\t\t\t\t\t<a class=\"elementor-button elementor-button-link elementor-size-sm\" href=\"tel:+4520944027\">\n\t\t\t\t\t\t<span class=\"elementor-button-content-wrapper\">\n\t\t\t\t\t\t<span class=\"elementor-button-icon\">\n\t\t\t\t<svg aria-hidden=\"true\" class=\"e-font-icon-svg e-fas-phone\" viewBox=\"0 0 512 512\" xmlns=\"http:\/\/www.w3.org\/2000\/svg\"><path d=\"M493.4 24.6l-104-24c-11.3-2.6-22.9 3.3-27.5 13.9l-48 112c-4.2 9.8-1.4 21.3 6.9 28l60.6 49.6c-36 76.7-98.9 140.5-177.2 177.2l-49.6-60.6c-6.8-8.3-18.2-11.1-28-6.9l-112 48C3.9 366.5-2 378.1.6 389.4l24 104C27.1 504.2 36.7 512 48 512c256.1 0 464-207.5 464-464 0-11.2-7.7-20.9-18.6-23.4z\"><\/path><\/svg>\t\t\t<\/span>\n\t\t\t\t\t\t\t\t\t<span class=\"elementor-button-text\">20 94 40 27<\/span>\n\t\t\t\t\t<\/span>\n\t\t\t\t\t<\/a>\n\t\t\t\t<\/div>\n\t\t\t\t\t\t\t\t<\/div>\n\t\t\t\t<\/div>\n\t\t\t\t<div class=\"elementor-element elementor-element-288c5797 elementor-icon-list--layout-inline elementor-mobile-align-center cta elementor-list-item-link-full_width elementor-widget elementor-widget-icon-list\" data-id=\"288c5797\" data-element_type=\"widget\" data-widget_type=\"icon-list.default\">\n\t\t\t\t<div class=\"elementor-widget-container\">\n\t\t\t\t\t\t\t<ul class=\"elementor-icon-list-items elementor-inline-items\">\n\t\t\t\t\t\t\t<li class=\"elementor-icon-list-item elementor-inline-item\">\n\t\t\t\t\t\t\t\t\t\t\t<span class=\"elementor-icon-list-icon\">\n\t\t\t\t\t\t\t<svg aria-hidden=\"true\" class=\"e-font-icon-svg e-fas-envelope\" viewBox=\"0 0 512 512\" xmlns=\"http:\/\/www.w3.org\/2000\/svg\"><path d=\"M502.3 190.8c3.9-3.1 9.7-.2 9.7 4.7V400c0 26.5-21.5 48-48 48H48c-26.5 0-48-21.5-48-48V195.6c0-5 5.7-7.8 9.7-4.7 22.4 17.4 52.1 39.5 154.1 113.6 21.1 15.4 56.7 47.8 92.2 47.6 35.7.3 72-32.8 92.3-47.6 102-74.1 131.6-96.3 154-113.7zM256 320c23.2.4 56.6-29.2 73.4-41.4 132.7-96.3 142.8-104.7 173.4-128.7 5.8-4.5 9.2-11.5 9.2-18.9v-19c0-26.5-21.5-48-48-48H48C21.5 64 0 85.5 0 112v19c0 7.4 3.4 14.3 9.2 18.9 30.6 23.9 40.7 32.4 173.4 128.7 16.8 12.2 50.2 41.8 73.4 41.4z\"><\/path><\/svg>\t\t\t\t\t\t<\/span>\n\t\t\t\t\t\t\t\t\t\t<span class=\"elementor-icon-list-text\"><a href=\"mailto:kontakt@teltimport.dk\" aria-label=\"Email adresse\">kontakt@teltimport.dk<\/a><\/span>\n\t\t\t\t\t\t\t\t\t<\/li>\n\t\t\t\t\t\t<\/ul>\n\t\t\t\t\t\t<\/div>\n\t\t\t\t<\/div>\n\t\t\t\t<\/div>\n\t\t\t\t<\/div>\n\t\t<div class=\"elementor-element elementor-element-39bd214 e-con-full e-flex e-con e-child\" data-id=\"39bd214\" data-element_type=\"container\">\n\t\t<div class=\"elementor-element elementor-element-5d8810c7 e-con-full dark e-flex e-con e-child\" data-id=\"5d8810c7\" data-element_type=\"container\" data-settings=\"{&quot;background_background&quot;:&quot;classic&quot;}\">\n\t\t<div class=\"elementor-element elementor-element-6d907a5f e-con-full e-flex e-con e-child\" data-id=\"6d907a5f\" data-element_type=\"container\">\n\t\t\t\t<div class=\"elementor-element elementor-element-1184b7ec elementor-widget__width-initial elementor-widget elementor-widget-image\" data-id=\"1184b7ec\" data-element_type=\"widget\" data-widget_type=\"image.default\">\n\t\t\t\t<div class=\"elementor-widget-container\">\n\t\t\t\t\t\t\t\t\t\t\t\t\t\t\t<img decoding=\"async\" width=\"208\" height=\"208\" src=\"https:\/\/teltimport.dk\/wp-content\/uploads\/2026\/01\/profil-1.jpg\" class=\"attachment-full size-full wp-image-10517\" alt=\"\" \/>\t\t\t\t\t\t\t\t\t\t\t\t\t\t\t<\/div>\n\t\t\t\t<\/div>\n\t\t<div class=\"elementor-element elementor-element-16b155eb e-con-full e-flex e-con e-child\" data-id=\"16b155eb\" data-element_type=\"container\">\n\t\t\t\t<div class=\"elementor-element elementor-element-16b1461a elementor-widget elementor-widget-heading\" data-id=\"16b1461a\" data-element_type=\"widget\" data-widget_type=\"heading.default\">\n\t\t\t\t<div class=\"elementor-widget-container\">\n\t\t\t\t\t<h3 class=\"elementor-heading-title elementor-size-default\">Mehr erfahren<\/h3>\t\t\t\t<\/div>\n\t\t\t\t<\/div>\n\t\t\t\t<div class=\"elementor-element elementor-element-5c9e9a9a elementor-widget elementor-widget-text-editor\" data-id=\"5c9e9a9a\" data-element_type=\"widget\" data-widget_type=\"text-editor.default\">\n\t\t\t\t<div class=\"elementor-widget-container\">\n\t\t\t\t\t\t\t\t\t<p>Wenn Sie weitere Informationen zu unseren Dienstleistungen und Preisen w\u00fcnschen, schreiben Sie uns bitte hier.<\/p>\t\t\t\t\t\t\t\t<\/div>\n\t\t\t\t<\/div>\n\t\t\t\t<\/div>\n\t\t\t\t<\/div>\n\t\t\t\t<div class=\"elementor-element elementor-element-2d919790 elementor-widget-divider--view-line elementor-widget elementor-widget-divider\" data-id=\"2d919790\" data-element_type=\"widget\" data-widget_type=\"divider.default\">\n\t\t\t\t<div class=\"elementor-widget-container\">\n\t\t\t\t\t\t\t<div class=\"elementor-divider\">\n\t\t\t<span class=\"elementor-divider-separator\">\n\t\t\t\t\t\t<\/span>\n\t\t<\/div>\n\t\t\t\t\t\t<\/div>\n\t\t\t\t<\/div>\n\t\t\t\t<div class=\"elementor-element elementor-element-76103f26 elementor-widget elementor-widget-wp-widget-forminator_widget\" data-id=\"76103f26\" data-element_type=\"widget\" data-widget_type=\"wp-widget-forminator_widget.default\">\n\t\t\t\t<div class=\"elementor-widget-container\">\n\t\t\t\t\t<form id=\"forminator-module-10678\" class=\"forminator-custom-form forminator-custom-form-10678\" method=\"post\" data-forminator-render=\"0\" data-uid=\"69f3a23f3f273\"><div role=\"alert\" aria-live=\"polite\" class=\"forminator-response-message forminator-error\" aria-hidden=\"true\"><\/div><\/form>\t\t\t\t<\/div>\n\t\t\t\t<\/div>\n\t\t\t\t<\/div>\n\t\t\t\t<\/div>\n\t\t\t\t\t<\/div>\n\t\t\t\t<\/div>\n\t\t\t\t<\/div>\n\t\t","protected":false},"excerpt":{"rendered":"<p>Lagerzelt Lagerzelt geschlossen 200 x 150 cm 4.700 DKK (Versandkosten 460 DKK) Lagerzelt ge\u00f6ffnet 200 x 150 cm 5.900 DKK (Versandkosten 460 DKK) Wir helfen Ihnen, gleich beim ersten Mal die richtige Wahl zu treffen. Bei Dansk Teltimport helfen wir Ihnen gerne, das passende Standby-Zelt f\u00fcr Ihren Wohnwagen und Ihre Bed\u00fcrfnisse zu finden. Wir sind &#8230; <a title=\"Lagerzelt\" class=\"read-more\" href=\"https:\/\/teltimport.dk\/de\/lagerzelt\/\" aria-label=\"Mehr Informationen \u00fcber Lagerzelt\">Weiterlesen &#8230;<\/a><\/p>\n","protected":false},"author":1,"featured_media":0,"parent":0,"menu_order":0,"comment_status":"closed","ping_status":"closed","template":"","meta":{"_acf_changed":false,"footnotes":""},"categories":[],"class_list":["post-10615","page","type-page","status-publish"],"acf":[],"yoast_head":"<!-- This site is optimized with the Yoast SEO plugin v27.5 - https:\/\/yoast.com\/product\/yoast-seo-wordpress\/ -->\n<title>Aufbewahrungszelte in D\u00e4nemark | Aufbewahrungszelte f\u00fcrs Camping | Hier ansehen<\/title>\n<meta name=\"robots\" content=\"index, follow, max-snippet:-1, max-image-preview:large, max-video-preview:-1\" \/>\n<link rel=\"canonical\" href=\"https:\/\/teltimport.dk\/de\/lagerzelt\/\" \/>\n<meta property=\"og:locale\" content=\"de_DE\" \/>\n<meta property=\"og:type\" content=\"article\" \/>\n<meta property=\"og:title\" content=\"Aufbewahrungszelte in D\u00e4nemark | Aufbewahrungszelte f\u00fcrs Camping | Hier ansehen\" \/>\n<meta property=\"og:description\" content=\"Lagerzelt Lagerzelt geschlossen 200 x 150 cm 4.700 DKK (Versandkosten 460 DKK) Lagerzelt ge\u00f6ffnet 200 x 150 cm 5.900 DKK (Versandkosten 460 DKK) Wir helfen Ihnen, gleich beim ersten Mal die richtige Wahl zu treffen. Bei Dansk Teltimport helfen wir Ihnen gerne, das passende Standby-Zelt f\u00fcr Ihren Wohnwagen und Ihre Bed\u00fcrfnisse zu finden. Wir sind ... Weiterlesen ...\" \/>\n<meta property=\"og:url\" content=\"https:\/\/teltimport.dk\/de\/lagerzelt\/\" \/>\n<meta property=\"og:site_name\" content=\"Dansk Teltimport\" \/>\n<meta property=\"article:modified_time\" content=\"2026-04-08T08:38:18+00:00\" \/>\n<meta property=\"og:image\" content=\"https:\/\/teltimport.dk\/wp-content\/uploads\/2026\/01\/opbevaringstelt-lukket_243.jpg\" \/>\n\t<meta property=\"og:image:width\" content=\"232\" \/>\n\t<meta property=\"og:image:height\" content=\"207\" \/>\n\t<meta property=\"og:image:type\" content=\"image\/jpeg\" \/>\n<meta name=\"twitter:card\" content=\"summary_large_image\" \/>\n<meta name=\"twitter:label1\" content=\"Gesch\u00e4tzte Lesezeit\" \/>\n\t<meta name=\"twitter:data1\" content=\"1\u00a0Minute\" \/>\n<script type=\"application\/ld+json\" class=\"yoast-schema-graph\">{\"@context\":\"https:\\\/\\\/schema.org\",\"@graph\":[{\"@type\":\"WebPage\",\"@id\":\"https:\\\/\\\/teltimport.dk\\\/de\\\/lagerzelt\\\/\",\"url\":\"https:\\\/\\\/teltimport.dk\\\/de\\\/lagerzelt\\\/\",\"name\":\"Aufbewahrungszelte in D\u00e4nemark | Aufbewahrungszelte f\u00fcrs Camping | Hier ansehen\",\"isPartOf\":{\"@id\":\"https:\\\/\\\/teltimport.dk\\\/de\\\/#website\"},\"primaryImageOfPage\":{\"@id\":\"https:\\\/\\\/teltimport.dk\\\/de\\\/lagerzelt\\\/#primaryimage\"},\"image\":{\"@id\":\"https:\\\/\\\/teltimport.dk\\\/de\\\/lagerzelt\\\/#primaryimage\"},\"thumbnailUrl\":\"https:\\\/\\\/teltimport.dk\\\/wp-content\\\/uploads\\\/2026\\\/01\\\/opbevaringstelt-lukket_243.jpg\",\"datePublished\":\"2026-01-12T10:28:20+00:00\",\"dateModified\":\"2026-04-08T08:38:18+00:00\",\"breadcrumb\":{\"@id\":\"https:\\\/\\\/teltimport.dk\\\/de\\\/lagerzelt\\\/#breadcrumb\"},\"inLanguage\":\"de\",\"potentialAction\":[{\"@type\":\"ReadAction\",\"target\":[\"https:\\\/\\\/teltimport.dk\\\/de\\\/lagerzelt\\\/\"]}]},{\"@type\":\"ImageObject\",\"inLanguage\":\"de\",\"@id\":\"https:\\\/\\\/teltimport.dk\\\/de\\\/lagerzelt\\\/#primaryimage\",\"url\":\"https:\\\/\\\/teltimport.dk\\\/wp-content\\\/uploads\\\/2026\\\/01\\\/opbevaringstelt-lukket_243.jpg\",\"contentUrl\":\"https:\\\/\\\/teltimport.dk\\\/wp-content\\\/uploads\\\/2026\\\/01\\\/opbevaringstelt-lukket_243.jpg\"},{\"@type\":\"BreadcrumbList\",\"@id\":\"https:\\\/\\\/teltimport.dk\\\/de\\\/lagerzelt\\\/#breadcrumb\",\"itemListElement\":[{\"@type\":\"ListItem\",\"position\":1,\"name\":\"Forside\",\"item\":\"https:\\\/\\\/teltimport.dk\\\/de\\\/\"},{\"@type\":\"ListItem\",\"position\":2,\"name\":\"Lagerzelt\"}]},{\"@type\":\"WebSite\",\"@id\":\"https:\\\/\\\/teltimport.dk\\\/de\\\/#website\",\"url\":\"https:\\\/\\\/teltimport.dk\\\/de\\\/\",\"name\":\"Dansk Teltimport\",\"description\":\"\",\"publisher\":{\"@id\":\"https:\\\/\\\/teltimport.dk\\\/de\\\/#organization\"},\"potentialAction\":[{\"@type\":\"SearchAction\",\"target\":{\"@type\":\"EntryPoint\",\"urlTemplate\":\"https:\\\/\\\/teltimport.dk\\\/de\\\/?s={search_term_string}\"},\"query-input\":{\"@type\":\"PropertyValueSpecification\",\"valueRequired\":true,\"valueName\":\"search_term_string\"}}],\"inLanguage\":\"de\"},{\"@type\":\"Organization\",\"@id\":\"https:\\\/\\\/teltimport.dk\\\/de\\\/#organization\",\"name\":\"Dansk Teltimport\",\"url\":\"https:\\\/\\\/teltimport.dk\\\/de\\\/\",\"logo\":{\"@type\":\"ImageObject\",\"inLanguage\":\"de\",\"@id\":\"https:\\\/\\\/teltimport.dk\\\/de\\\/#\\\/schema\\\/logo\\\/image\\\/\",\"url\":\"https:\\\/\\\/teltimport.dk\\\/wp-content\\\/uploads\\\/2026\\\/01\\\/logo.png\",\"contentUrl\":\"https:\\\/\\\/teltimport.dk\\\/wp-content\\\/uploads\\\/2026\\\/01\\\/logo.png\",\"width\":160,\"height\":127,\"caption\":\"Dansk Teltimport\"},\"image\":{\"@id\":\"https:\\\/\\\/teltimport.dk\\\/de\\\/#\\\/schema\\\/logo\\\/image\\\/\"}}]}<\/script>\n<!-- \/ Yoast SEO plugin. -->","yoast_head_json":{"title":"Aufbewahrungszelte in D\u00e4nemark | Aufbewahrungszelte f\u00fcrs Camping | Hier ansehen","robots":{"index":"index","follow":"follow","max-snippet":"max-snippet:-1","max-image-preview":"max-image-preview:large","max-video-preview":"max-video-preview:-1"},"canonical":"https:\/\/teltimport.dk\/de\/lagerzelt\/","og_locale":"de_DE","og_type":"article","og_title":"Aufbewahrungszelte in D\u00e4nemark | Aufbewahrungszelte f\u00fcrs Camping | Hier ansehen","og_description":"Lagerzelt Lagerzelt geschlossen 200 x 150 cm 4.700 DKK (Versandkosten 460 DKK) Lagerzelt ge\u00f6ffnet 200 x 150 cm 5.900 DKK (Versandkosten 460 DKK) Wir helfen Ihnen, gleich beim ersten Mal die richtige Wahl zu treffen. Bei Dansk Teltimport helfen wir Ihnen gerne, das passende Standby-Zelt f\u00fcr Ihren Wohnwagen und Ihre Bed\u00fcrfnisse zu finden. Wir sind ... Weiterlesen ...","og_url":"https:\/\/teltimport.dk\/de\/lagerzelt\/","og_site_name":"Dansk Teltimport","article_modified_time":"2026-04-08T08:38:18+00:00","og_image":[{"width":232,"height":207,"url":"https:\/\/teltimport.dk\/wp-content\/uploads\/2026\/01\/opbevaringstelt-lukket_243.jpg","type":"image\/jpeg"}],"twitter_card":"summary_large_image","twitter_misc":{"Gesch\u00e4tzte Lesezeit":"1\u00a0Minute"},"schema":{"@context":"https:\/\/schema.org","@graph":[{"@type":"WebPage","@id":"https:\/\/teltimport.dk\/de\/lagerzelt\/","url":"https:\/\/teltimport.dk\/de\/lagerzelt\/","name":"Aufbewahrungszelte in D\u00e4nemark | Aufbewahrungszelte f\u00fcrs Camping | Hier ansehen","isPartOf":{"@id":"https:\/\/teltimport.dk\/de\/#website"},"primaryImageOfPage":{"@id":"https:\/\/teltimport.dk\/de\/lagerzelt\/#primaryimage"},"image":{"@id":"https:\/\/teltimport.dk\/de\/lagerzelt\/#primaryimage"},"thumbnailUrl":"https:\/\/teltimport.dk\/wp-content\/uploads\/2026\/01\/opbevaringstelt-lukket_243.jpg","datePublished":"2026-01-12T10:28:20+00:00","dateModified":"2026-04-08T08:38:18+00:00","breadcrumb":{"@id":"https:\/\/teltimport.dk\/de\/lagerzelt\/#breadcrumb"},"inLanguage":"de","potentialAction":[{"@type":"ReadAction","target":["https:\/\/teltimport.dk\/de\/lagerzelt\/"]}]},{"@type":"ImageObject","inLanguage":"de","@id":"https:\/\/teltimport.dk\/de\/lagerzelt\/#primaryimage","url":"https:\/\/teltimport.dk\/wp-content\/uploads\/2026\/01\/opbevaringstelt-lukket_243.jpg","contentUrl":"https:\/\/teltimport.dk\/wp-content\/uploads\/2026\/01\/opbevaringstelt-lukket_243.jpg"},{"@type":"BreadcrumbList","@id":"https:\/\/teltimport.dk\/de\/lagerzelt\/#breadcrumb","itemListElement":[{"@type":"ListItem","position":1,"name":"Forside","item":"https:\/\/teltimport.dk\/de\/"},{"@type":"ListItem","position":2,"name":"Lagerzelt"}]},{"@type":"WebSite","@id":"https:\/\/teltimport.dk\/de\/#website","url":"https:\/\/teltimport.dk\/de\/","name":"Dansk Teltimport","description":"","publisher":{"@id":"https:\/\/teltimport.dk\/de\/#organization"},"potentialAction":[{"@type":"SearchAction","target":{"@type":"EntryPoint","urlTemplate":"https:\/\/teltimport.dk\/de\/?s={search_term_string}"},"query-input":{"@type":"PropertyValueSpecification","valueRequired":true,"valueName":"search_term_string"}}],"inLanguage":"de"},{"@type":"Organization","@id":"https:\/\/teltimport.dk\/de\/#organization","name":"Dansk Teltimport","url":"https:\/\/teltimport.dk\/de\/","logo":{"@type":"ImageObject","inLanguage":"de","@id":"https:\/\/teltimport.dk\/de\/#\/schema\/logo\/image\/","url":"https:\/\/teltimport.dk\/wp-content\/uploads\/2026\/01\/logo.png","contentUrl":"https:\/\/teltimport.dk\/wp-content\/uploads\/2026\/01\/logo.png","width":160,"height":127,"caption":"Dansk Teltimport"},"image":{"@id":"https:\/\/teltimport.dk\/de\/#\/schema\/logo\/image\/"}}]}},"_links":{"self":[{"href":"https:\/\/teltimport.dk\/de\/wp-json\/wp\/v2\/pages\/10615","targetHints":{"allow":["GET"]}}],"collection":[{"href":"https:\/\/teltimport.dk\/de\/wp-json\/wp\/v2\/pages"}],"about":[{"href":"https:\/\/teltimport.dk\/de\/wp-json\/wp\/v2\/types\/page"}],"author":[{"embeddable":true,"href":"https:\/\/teltimport.dk\/de\/wp-json\/wp\/v2\/users\/1"}],"replies":[{"embeddable":true,"href":"https:\/\/teltimport.dk\/de\/wp-json\/wp\/v2\/comments?post=10615"}],"version-history":[{"count":12,"href":"https:\/\/teltimport.dk\/de\/wp-json\/wp\/v2\/pages\/10615\/revisions"}],"predecessor-version":[{"id":10807,"href":"https:\/\/teltimport.dk\/de\/wp-json\/wp\/v2\/pages\/10615\/revisions\/10807"}],"wp:attachment":[{"href":"https:\/\/teltimport.dk\/de\/wp-json\/wp\/v2\/media?parent=10615"}],"wp:term":[{"taxonomy":"category","embeddable":true,"href":"https:\/\/teltimport.dk\/de\/wp-json\/wp\/v2\/categories?post=10615"}],"curies":[{"name":"wp","href":"https:\/\/api.w.org\/{rel}","templated":true}]}}