{"id":10618,"date":"2026-01-12T11:28:15","date_gmt":"2026-01-12T10:28:15","guid":{"rendered":"https:\/\/teltimport.dk\/montageanleitung\/"},"modified":"2026-04-08T10:37:30","modified_gmt":"2026-04-08T08:37:30","slug":"montageanleitung","status":"publish","type":"page","link":"https:\/\/teltimport.dk\/de\/montageanleitung\/","title":{"rendered":"Montageanleitung"},"content":{"rendered":"\t\t<div data-elementor-type=\"wp-page\" data-elementor-id=\"10618\" class=\"elementor elementor-10618 elementor-10053\" data-elementor-post-type=\"page\">\n\t\t\t\t<div class=\"elementor-element elementor-element-bf78949 e-con-full no-padding e-flex e-con e-parent\" data-id=\"bf78949\" data-element_type=\"container\" data-settings=\"{&quot;background_background&quot;:&quot;classic&quot;}\">\n\t\t<div class=\"elementor-element elementor-element-fb14e64 e-con-full e-flex e-con e-child\" data-id=\"fb14e64\" data-element_type=\"container\">\n\t\t\t\t<div class=\"elementor-element elementor-element-a32de25 elementor-widget elementor-widget-video\" data-id=\"a32de25\" data-element_type=\"widget\" data-settings=\"{&quot;youtube_url&quot;:&quot;https:\\\/\\\/youtu.be\\\/bMUlIboBnZA&quot;,&quot;video_type&quot;:&quot;youtube&quot;,&quot;controls&quot;:&quot;yes&quot;}\" data-widget_type=\"video.default\">\n\t\t\t\t<div class=\"elementor-widget-container\">\n\t\t\t\t\t\t\t<div class=\"elementor-wrapper elementor-open-inline\">\n\t\t\t<div class=\"elementor-video\"><\/div>\t\t<\/div>\n\t\t\t\t\t\t<\/div>\n\t\t\t\t<\/div>\n\t\t\t\t<\/div>\n\t\t<div class=\"elementor-element elementor-element-d66260f e-con-full e-flex e-con e-child\" data-id=\"d66260f\" data-element_type=\"container\">\n\t\t\t\t<div class=\"elementor-element elementor-element-737e1de elementor-widget elementor-widget-heading\" data-id=\"737e1de\" data-element_type=\"widget\" data-widget_type=\"heading.default\">\n\t\t\t\t<div class=\"elementor-widget-container\">\n\t\t\t\t\t<h1 class=\"elementor-heading-title elementor-size-default\">Montageanleitung<\/h1>\t\t\t\t<\/div>\n\t\t\t\t<\/div>\n\t\t\t\t<div class=\"elementor-element elementor-element-48cf47a elementor-widget elementor-widget-text-editor\" data-id=\"48cf47a\" data-element_type=\"widget\" data-widget_type=\"text-editor.default\">\n\t\t\t\t<div class=\"elementor-widget-container\">\n\t\t\t\t\t\t\t\t\t<p>Sehen Sie sich unser Video an, das zeigt, wie man ein StandBy-Zelt aufbaut.<\/p>\t\t\t\t\t\t\t\t<\/div>\n\t\t\t\t<\/div>\n\t\t\t\t<\/div>\n\t\t\t\t<\/div>\n\t\t<div class=\"elementor-element elementor-element-4d791182 e-flex e-con-boxed e-con e-parent\" data-id=\"4d791182\" data-element_type=\"container\" data-settings=\"{&quot;background_background&quot;:&quot;classic&quot;}\">\n\t\t\t\t\t<div class=\"e-con-inner\">\n\t\t<div class=\"elementor-element elementor-element-6ce6d29f e-con-full white e-flex e-con e-child\" data-id=\"6ce6d29f\" data-element_type=\"container\">\n\t\t\t\t<div class=\"elementor-element elementor-element-34c7e966 elementor-widget elementor-widget-heading\" data-id=\"34c7e966\" data-element_type=\"widget\" data-widget_type=\"heading.default\">\n\t\t\t\t<div class=\"elementor-widget-container\">\n\t\t\t\t\t<h2 class=\"elementor-heading-title elementor-size-default\">Wir helfen Ihnen, gleich beim ersten Mal die richtige Wahl zu treffen.<\/h2>\t\t\t\t<\/div>\n\t\t\t\t<\/div>\n\t\t\t\t<div class=\"elementor-element elementor-element-4ba42d0 elementor-widget elementor-widget-text-editor\" data-id=\"4ba42d0\" data-element_type=\"widget\" data-widget_type=\"text-editor.default\">\n\t\t\t\t<div class=\"elementor-widget-container\">\n\t\t\t\t\t\t\t\t\t<p>Bei <a title=\"Hier finden Sie unsere Kontaktinformationen!\" href=\"\/\" target=\"_self\">Dansk Teltimport<\/a> helfen wir Ihnen gerne, das passende Standby-Zelt f\u00fcr Ihren Wohnwagen und Ihre Bed\u00fcrfnisse zu finden. Wir sind in Bagsv\u00e6rd, S\u00f8borg, Lyngby und im restlichen D\u00e4nemark f\u00fcr Sie da und bieten Ihnen eine pers\u00f6nliche Beratung vom ersten Gespr\u00e4ch bis zum fertigen Aufbau.<\/p><p>Sie k\u00f6nnen uns jederzeit unter <a class=\"custom7\" href=\"tel:+4520944027\">20 94 40 27<\/a> anrufen oder eine E-Mail an <a class=\"custom7\" href=\"mailto:kontakt@teltimport.dk\">kontakt@teltimport.dk<\/a> schreiben.<\/p><p>Wir freuen uns darauf, Ihnen dabei zu helfen, das StandBy-Zelt zu finden, an dem Sie nicht nur in dieser Saison, sondern auch in den kommenden Jahren Freude haben werden.<\/p>\t\t\t\t\t\t\t\t<\/div>\n\t\t\t\t<\/div>\n\t\t<div class=\"elementor-element elementor-element-bcdadae e-con-full e-flex e-con e-child\" data-id=\"bcdadae\" data-element_type=\"container\">\n\t\t\t\t<div class=\"elementor-element elementor-element-117f08da cta elementor-mobile-align-justify elementor-widget-mobile__width-inherit elementor-widget elementor-widget-button\" data-id=\"117f08da\" data-element_type=\"widget\" data-widget_type=\"button.default\">\n\t\t\t\t<div class=\"elementor-widget-container\">\n\t\t\t\t\t\t\t\t\t<div class=\"elementor-button-wrapper\">\n\t\t\t\t\t<a class=\"elementor-button elementor-button-link elementor-size-sm\" href=\"tel:+4520944027\">\n\t\t\t\t\t\t<span class=\"elementor-button-content-wrapper\">\n\t\t\t\t\t\t<span class=\"elementor-button-icon\">\n\t\t\t\t<svg aria-hidden=\"true\" class=\"e-font-icon-svg e-fas-phone\" viewBox=\"0 0 512 512\" xmlns=\"http:\/\/www.w3.org\/2000\/svg\"><path d=\"M493.4 24.6l-104-24c-11.3-2.6-22.9 3.3-27.5 13.9l-48 112c-4.2 9.8-1.4 21.3 6.9 28l60.6 49.6c-36 76.7-98.9 140.5-177.2 177.2l-49.6-60.6c-6.8-8.3-18.2-11.1-28-6.9l-112 48C3.9 366.5-2 378.1.6 389.4l24 104C27.1 504.2 36.7 512 48 512c256.1 0 464-207.5 464-464 0-11.2-7.7-20.9-18.6-23.4z\"><\/path><\/svg>\t\t\t<\/span>\n\t\t\t\t\t\t\t\t\t<span class=\"elementor-button-text\">20 94 40 27<\/span>\n\t\t\t\t\t<\/span>\n\t\t\t\t\t<\/a>\n\t\t\t\t<\/div>\n\t\t\t\t\t\t\t\t<\/div>\n\t\t\t\t<\/div>\n\t\t\t\t<div class=\"elementor-element elementor-element-28514fde elementor-icon-list--layout-inline elementor-mobile-align-center cta elementor-list-item-link-full_width elementor-widget elementor-widget-icon-list\" data-id=\"28514fde\" data-element_type=\"widget\" data-widget_type=\"icon-list.default\">\n\t\t\t\t<div class=\"elementor-widget-container\">\n\t\t\t\t\t\t\t<ul class=\"elementor-icon-list-items elementor-inline-items\">\n\t\t\t\t\t\t\t<li class=\"elementor-icon-list-item elementor-inline-item\">\n\t\t\t\t\t\t\t\t\t\t\t<span class=\"elementor-icon-list-icon\">\n\t\t\t\t\t\t\t<svg aria-hidden=\"true\" class=\"e-font-icon-svg e-fas-envelope\" viewBox=\"0 0 512 512\" xmlns=\"http:\/\/www.w3.org\/2000\/svg\"><path d=\"M502.3 190.8c3.9-3.1 9.7-.2 9.7 4.7V400c0 26.5-21.5 48-48 48H48c-26.5 0-48-21.5-48-48V195.6c0-5 5.7-7.8 9.7-4.7 22.4 17.4 52.1 39.5 154.1 113.6 21.1 15.4 56.7 47.8 92.2 47.6 35.7.3 72-32.8 92.3-47.6 102-74.1 131.6-96.3 154-113.7zM256 320c23.2.4 56.6-29.2 73.4-41.4 132.7-96.3 142.8-104.7 173.4-128.7 5.8-4.5 9.2-11.5 9.2-18.9v-19c0-26.5-21.5-48-48-48H48C21.5 64 0 85.5 0 112v19c0 7.4 3.4 14.3 9.2 18.9 30.6 23.9 40.7 32.4 173.4 128.7 16.8 12.2 50.2 41.8 73.4 41.4z\"><\/path><\/svg>\t\t\t\t\t\t<\/span>\n\t\t\t\t\t\t\t\t\t\t<span class=\"elementor-icon-list-text\"><a href=\"mailto:kontakt@teltimport.dk\" aria-label=\"Email adresse\">kontakt@teltimport.dk<\/a><\/span>\n\t\t\t\t\t\t\t\t\t<\/li>\n\t\t\t\t\t\t<\/ul>\n\t\t\t\t\t\t<\/div>\n\t\t\t\t<\/div>\n\t\t\t\t<\/div>\n\t\t\t\t<\/div>\n\t\t<div class=\"elementor-element elementor-element-31bdcc8b e-con-full e-flex e-con e-child\" data-id=\"31bdcc8b\" data-element_type=\"container\">\n\t\t<div class=\"elementor-element elementor-element-cb03ffd e-con-full dark e-flex e-con e-child\" data-id=\"cb03ffd\" data-element_type=\"container\" data-settings=\"{&quot;background_background&quot;:&quot;classic&quot;}\">\n\t\t<div class=\"elementor-element elementor-element-53d46400 e-con-full e-flex e-con e-child\" data-id=\"53d46400\" data-element_type=\"container\">\n\t\t\t\t<div class=\"elementor-element elementor-element-112ddb82 elementor-widget__width-initial elementor-widget elementor-widget-image\" data-id=\"112ddb82\" data-element_type=\"widget\" data-widget_type=\"image.default\">\n\t\t\t\t<div class=\"elementor-widget-container\">\n\t\t\t\t\t\t\t\t\t\t\t\t\t\t\t<img decoding=\"async\" width=\"208\" height=\"208\" src=\"https:\/\/teltimport.dk\/wp-content\/uploads\/2026\/01\/profil-1.jpg\" class=\"attachment-full size-full wp-image-10517\" alt=\"\" \/>\t\t\t\t\t\t\t\t\t\t\t\t\t\t\t<\/div>\n\t\t\t\t<\/div>\n\t\t<div class=\"elementor-element elementor-element-50111510 e-con-full e-flex e-con e-child\" data-id=\"50111510\" data-element_type=\"container\">\n\t\t\t\t<div class=\"elementor-element elementor-element-4b6c5446 elementor-widget elementor-widget-heading\" data-id=\"4b6c5446\" data-element_type=\"widget\" data-widget_type=\"heading.default\">\n\t\t\t\t<div class=\"elementor-widget-container\">\n\t\t\t\t\t<h3 class=\"elementor-heading-title elementor-size-default\">Mehr erfahren<\/h3>\t\t\t\t<\/div>\n\t\t\t\t<\/div>\n\t\t\t\t<div class=\"elementor-element elementor-element-30aa3fe6 elementor-widget elementor-widget-text-editor\" data-id=\"30aa3fe6\" data-element_type=\"widget\" data-widget_type=\"text-editor.default\">\n\t\t\t\t<div class=\"elementor-widget-container\">\n\t\t\t\t\t\t\t\t\t<p>Wenn Sie weitere Informationen zu unseren Dienstleistungen und Preisen w\u00fcnschen, schreiben Sie uns bitte hier.<\/p>\t\t\t\t\t\t\t\t<\/div>\n\t\t\t\t<\/div>\n\t\t\t\t<\/div>\n\t\t\t\t<\/div>\n\t\t\t\t<div class=\"elementor-element elementor-element-66829083 elementor-widget-divider--view-line elementor-widget elementor-widget-divider\" data-id=\"66829083\" data-element_type=\"widget\" data-widget_type=\"divider.default\">\n\t\t\t\t<div class=\"elementor-widget-container\">\n\t\t\t\t\t\t\t<div class=\"elementor-divider\">\n\t\t\t<span class=\"elementor-divider-separator\">\n\t\t\t\t\t\t<\/span>\n\t\t<\/div>\n\t\t\t\t\t\t<\/div>\n\t\t\t\t<\/div>\n\t\t\t\t<div class=\"elementor-element elementor-element-3877f339 elementor-widget elementor-widget-wp-widget-forminator_widget\" data-id=\"3877f339\" data-element_type=\"widget\" data-widget_type=\"wp-widget-forminator_widget.default\">\n\t\t\t\t<div class=\"elementor-widget-container\">\n\t\t\t\t\t<form id=\"forminator-module-10678\" class=\"forminator-custom-form forminator-custom-form-10678\" method=\"post\" data-forminator-render=\"0\" data-uid=\"69f32f036f927\"><div role=\"alert\" aria-live=\"polite\" class=\"forminator-response-message forminator-error\" aria-hidden=\"true\"><\/div><\/form>\t\t\t\t<\/div>\n\t\t\t\t<\/div>\n\t\t\t\t<\/div>\n\t\t\t\t<\/div>\n\t\t\t\t\t<\/div>\n\t\t\t\t<\/div>\n\t\t\t\t<\/div>\n\t\t","protected":false},"excerpt":{"rendered":"<p>Montageanleitung Sehen Sie sich unser Video an, das zeigt, wie man ein StandBy-Zelt aufbaut. Wir helfen Ihnen, gleich beim ersten Mal die richtige Wahl zu treffen. Bei Dansk Teltimport helfen wir Ihnen gerne, das passende Standby-Zelt f\u00fcr Ihren Wohnwagen und Ihre Bed\u00fcrfnisse zu finden. Wir sind in Bagsv\u00e6rd, S\u00f8borg, Lyngby und im restlichen D\u00e4nemark f\u00fcr &#8230; <a title=\"Montageanleitung\" class=\"read-more\" href=\"https:\/\/teltimport.dk\/de\/montageanleitung\/\" aria-label=\"Mehr Informationen \u00fcber Montageanleitung\">Weiterlesen &#8230;<\/a><\/p>\n","protected":false},"author":1,"featured_media":0,"parent":0,"menu_order":0,"comment_status":"closed","ping_status":"closed","template":"","meta":{"_acf_changed":false,"footnotes":""},"categories":[],"class_list":["post-10618","page","type-page","status-publish"],"acf":[],"yoast_head":"<!-- This site is optimized with the Yoast SEO plugin v27.5 - https:\/\/yoast.com\/product\/yoast-seo-wordpress\/ -->\n<title>Aufbauanleitung in D\u00e4nemark | So bauen Sie das Zelt auf | Hier ansehen<\/title>\n<meta name=\"robots\" content=\"index, follow, max-snippet:-1, max-image-preview:large, max-video-preview:-1\" \/>\n<link rel=\"canonical\" href=\"https:\/\/teltimport.dk\/de\/montageanleitung\/\" \/>\n<meta property=\"og:locale\" content=\"de_DE\" \/>\n<meta property=\"og:type\" content=\"article\" \/>\n<meta property=\"og:title\" content=\"Aufbauanleitung in D\u00e4nemark | So bauen Sie das Zelt auf | Hier ansehen\" \/>\n<meta property=\"og:description\" content=\"Montageanleitung Sehen Sie sich unser Video an, das zeigt, wie man ein StandBy-Zelt aufbaut. Wir helfen Ihnen, gleich beim ersten Mal die richtige Wahl zu treffen. Bei Dansk Teltimport helfen wir Ihnen gerne, das passende Standby-Zelt f\u00fcr Ihren Wohnwagen und Ihre Bed\u00fcrfnisse zu finden. Wir sind in Bagsv\u00e6rd, S\u00f8borg, Lyngby und im restlichen D\u00e4nemark f\u00fcr ... Weiterlesen ...\" \/>\n<meta property=\"og:url\" content=\"https:\/\/teltimport.dk\/de\/montageanleitung\/\" \/>\n<meta property=\"og:site_name\" content=\"Dansk Teltimport\" \/>\n<meta property=\"article:modified_time\" content=\"2026-04-08T08:37:30+00:00\" \/>\n<meta property=\"og:image\" content=\"https:\/\/teltimport.dk\/wp-content\/uploads\/2026\/01\/profil-1.jpg\" \/>\n\t<meta property=\"og:image:width\" content=\"208\" \/>\n\t<meta property=\"og:image:height\" content=\"208\" \/>\n\t<meta property=\"og:image:type\" content=\"image\/jpeg\" \/>\n<meta name=\"twitter:card\" content=\"summary_large_image\" \/>\n<meta name=\"twitter:label1\" content=\"Gesch\u00e4tzte Lesezeit\" \/>\n\t<meta name=\"twitter:data1\" content=\"1\u00a0Minute\" \/>\n<script type=\"application\/ld+json\" class=\"yoast-schema-graph\">{\"@context\":\"https:\\\/\\\/schema.org\",\"@graph\":[{\"@type\":\"WebPage\",\"@id\":\"https:\\\/\\\/teltimport.dk\\\/de\\\/montageanleitung\\\/\",\"url\":\"https:\\\/\\\/teltimport.dk\\\/de\\\/montageanleitung\\\/\",\"name\":\"Aufbauanleitung in D\u00e4nemark | So bauen Sie das Zelt auf | Hier ansehen\",\"isPartOf\":{\"@id\":\"https:\\\/\\\/teltimport.dk\\\/de\\\/#website\"},\"primaryImageOfPage\":{\"@id\":\"https:\\\/\\\/teltimport.dk\\\/de\\\/montageanleitung\\\/#primaryimage\"},\"image\":{\"@id\":\"https:\\\/\\\/teltimport.dk\\\/de\\\/montageanleitung\\\/#primaryimage\"},\"thumbnailUrl\":\"https:\\\/\\\/teltimport.dk\\\/wp-content\\\/uploads\\\/2026\\\/01\\\/profil-1.jpg\",\"datePublished\":\"2026-01-12T10:28:15+00:00\",\"dateModified\":\"2026-04-08T08:37:30+00:00\",\"breadcrumb\":{\"@id\":\"https:\\\/\\\/teltimport.dk\\\/de\\\/montageanleitung\\\/#breadcrumb\"},\"inLanguage\":\"de\",\"potentialAction\":[{\"@type\":\"ReadAction\",\"target\":[\"https:\\\/\\\/teltimport.dk\\\/de\\\/montageanleitung\\\/\"]}]},{\"@type\":\"ImageObject\",\"inLanguage\":\"de\",\"@id\":\"https:\\\/\\\/teltimport.dk\\\/de\\\/montageanleitung\\\/#primaryimage\",\"url\":\"https:\\\/\\\/teltimport.dk\\\/wp-content\\\/uploads\\\/2026\\\/01\\\/profil-1.jpg\",\"contentUrl\":\"https:\\\/\\\/teltimport.dk\\\/wp-content\\\/uploads\\\/2026\\\/01\\\/profil-1.jpg\"},{\"@type\":\"BreadcrumbList\",\"@id\":\"https:\\\/\\\/teltimport.dk\\\/de\\\/montageanleitung\\\/#breadcrumb\",\"itemListElement\":[{\"@type\":\"ListItem\",\"position\":1,\"name\":\"Forside\",\"item\":\"https:\\\/\\\/teltimport.dk\\\/de\\\/\"},{\"@type\":\"ListItem\",\"position\":2,\"name\":\"Montageanleitung\"}]},{\"@type\":\"WebSite\",\"@id\":\"https:\\\/\\\/teltimport.dk\\\/de\\\/#website\",\"url\":\"https:\\\/\\\/teltimport.dk\\\/de\\\/\",\"name\":\"Dansk Teltimport\",\"description\":\"\",\"publisher\":{\"@id\":\"https:\\\/\\\/teltimport.dk\\\/de\\\/#organization\"},\"potentialAction\":[{\"@type\":\"SearchAction\",\"target\":{\"@type\":\"EntryPoint\",\"urlTemplate\":\"https:\\\/\\\/teltimport.dk\\\/de\\\/?s={search_term_string}\"},\"query-input\":{\"@type\":\"PropertyValueSpecification\",\"valueRequired\":true,\"valueName\":\"search_term_string\"}}],\"inLanguage\":\"de\"},{\"@type\":\"Organization\",\"@id\":\"https:\\\/\\\/teltimport.dk\\\/de\\\/#organization\",\"name\":\"Dansk Teltimport\",\"url\":\"https:\\\/\\\/teltimport.dk\\\/de\\\/\",\"logo\":{\"@type\":\"ImageObject\",\"inLanguage\":\"de\",\"@id\":\"https:\\\/\\\/teltimport.dk\\\/de\\\/#\\\/schema\\\/logo\\\/image\\\/\",\"url\":\"https:\\\/\\\/teltimport.dk\\\/wp-content\\\/uploads\\\/2026\\\/01\\\/logo.png\",\"contentUrl\":\"https:\\\/\\\/teltimport.dk\\\/wp-content\\\/uploads\\\/2026\\\/01\\\/logo.png\",\"width\":160,\"height\":127,\"caption\":\"Dansk Teltimport\"},\"image\":{\"@id\":\"https:\\\/\\\/teltimport.dk\\\/de\\\/#\\\/schema\\\/logo\\\/image\\\/\"}}]}<\/script>\n<!-- \/ Yoast SEO plugin. -->","yoast_head_json":{"title":"Aufbauanleitung in D\u00e4nemark | So bauen Sie das Zelt auf | Hier ansehen","robots":{"index":"index","follow":"follow","max-snippet":"max-snippet:-1","max-image-preview":"max-image-preview:large","max-video-preview":"max-video-preview:-1"},"canonical":"https:\/\/teltimport.dk\/de\/montageanleitung\/","og_locale":"de_DE","og_type":"article","og_title":"Aufbauanleitung in D\u00e4nemark | So bauen Sie das Zelt auf | Hier ansehen","og_description":"Montageanleitung Sehen Sie sich unser Video an, das zeigt, wie man ein StandBy-Zelt aufbaut. Wir helfen Ihnen, gleich beim ersten Mal die richtige Wahl zu treffen. Bei Dansk Teltimport helfen wir Ihnen gerne, das passende Standby-Zelt f\u00fcr Ihren Wohnwagen und Ihre Bed\u00fcrfnisse zu finden. Wir sind in Bagsv\u00e6rd, S\u00f8borg, Lyngby und im restlichen D\u00e4nemark f\u00fcr ... Weiterlesen ...","og_url":"https:\/\/teltimport.dk\/de\/montageanleitung\/","og_site_name":"Dansk Teltimport","article_modified_time":"2026-04-08T08:37:30+00:00","og_image":[{"width":208,"height":208,"url":"https:\/\/teltimport.dk\/wp-content\/uploads\/2026\/01\/profil-1.jpg","type":"image\/jpeg"}],"twitter_card":"summary_large_image","twitter_misc":{"Gesch\u00e4tzte Lesezeit":"1\u00a0Minute"},"schema":{"@context":"https:\/\/schema.org","@graph":[{"@type":"WebPage","@id":"https:\/\/teltimport.dk\/de\/montageanleitung\/","url":"https:\/\/teltimport.dk\/de\/montageanleitung\/","name":"Aufbauanleitung in D\u00e4nemark | So bauen Sie das Zelt auf | Hier ansehen","isPartOf":{"@id":"https:\/\/teltimport.dk\/de\/#website"},"primaryImageOfPage":{"@id":"https:\/\/teltimport.dk\/de\/montageanleitung\/#primaryimage"},"image":{"@id":"https:\/\/teltimport.dk\/de\/montageanleitung\/#primaryimage"},"thumbnailUrl":"https:\/\/teltimport.dk\/wp-content\/uploads\/2026\/01\/profil-1.jpg","datePublished":"2026-01-12T10:28:15+00:00","dateModified":"2026-04-08T08:37:30+00:00","breadcrumb":{"@id":"https:\/\/teltimport.dk\/de\/montageanleitung\/#breadcrumb"},"inLanguage":"de","potentialAction":[{"@type":"ReadAction","target":["https:\/\/teltimport.dk\/de\/montageanleitung\/"]}]},{"@type":"ImageObject","inLanguage":"de","@id":"https:\/\/teltimport.dk\/de\/montageanleitung\/#primaryimage","url":"https:\/\/teltimport.dk\/wp-content\/uploads\/2026\/01\/profil-1.jpg","contentUrl":"https:\/\/teltimport.dk\/wp-content\/uploads\/2026\/01\/profil-1.jpg"},{"@type":"BreadcrumbList","@id":"https:\/\/teltimport.dk\/de\/montageanleitung\/#breadcrumb","itemListElement":[{"@type":"ListItem","position":1,"name":"Forside","item":"https:\/\/teltimport.dk\/de\/"},{"@type":"ListItem","position":2,"name":"Montageanleitung"}]},{"@type":"WebSite","@id":"https:\/\/teltimport.dk\/de\/#website","url":"https:\/\/teltimport.dk\/de\/","name":"Dansk Teltimport","description":"","publisher":{"@id":"https:\/\/teltimport.dk\/de\/#organization"},"potentialAction":[{"@type":"SearchAction","target":{"@type":"EntryPoint","urlTemplate":"https:\/\/teltimport.dk\/de\/?s={search_term_string}"},"query-input":{"@type":"PropertyValueSpecification","valueRequired":true,"valueName":"search_term_string"}}],"inLanguage":"de"},{"@type":"Organization","@id":"https:\/\/teltimport.dk\/de\/#organization","name":"Dansk Teltimport","url":"https:\/\/teltimport.dk\/de\/","logo":{"@type":"ImageObject","inLanguage":"de","@id":"https:\/\/teltimport.dk\/de\/#\/schema\/logo\/image\/","url":"https:\/\/teltimport.dk\/wp-content\/uploads\/2026\/01\/logo.png","contentUrl":"https:\/\/teltimport.dk\/wp-content\/uploads\/2026\/01\/logo.png","width":160,"height":127,"caption":"Dansk Teltimport"},"image":{"@id":"https:\/\/teltimport.dk\/de\/#\/schema\/logo\/image\/"}}]}},"_links":{"self":[{"href":"https:\/\/teltimport.dk\/de\/wp-json\/wp\/v2\/pages\/10618","targetHints":{"allow":["GET"]}}],"collection":[{"href":"https:\/\/teltimport.dk\/de\/wp-json\/wp\/v2\/pages"}],"about":[{"href":"https:\/\/teltimport.dk\/de\/wp-json\/wp\/v2\/types\/page"}],"author":[{"embeddable":true,"href":"https:\/\/teltimport.dk\/de\/wp-json\/wp\/v2\/users\/1"}],"replies":[{"embeddable":true,"href":"https:\/\/teltimport.dk\/de\/wp-json\/wp\/v2\/comments?post=10618"}],"version-history":[{"count":10,"href":"https:\/\/teltimport.dk\/de\/wp-json\/wp\/v2\/pages\/10618\/revisions"}],"predecessor-version":[{"id":10802,"href":"https:\/\/teltimport.dk\/de\/wp-json\/wp\/v2\/pages\/10618\/revisions\/10802"}],"wp:attachment":[{"href":"https:\/\/teltimport.dk\/de\/wp-json\/wp\/v2\/media?parent=10618"}],"wp:term":[{"taxonomy":"category","embeddable":true,"href":"https:\/\/teltimport.dk\/de\/wp-json\/wp\/v2\/categories?post=10618"}],"curies":[{"name":"wp","href":"https:\/\/api.w.org\/{rel}","templated":true}]}}